{"id":562,"date":"2022-02-09T18:45:15","date_gmt":"2022-02-09T18:45:15","guid":{"rendered":"https:\/\/fuertebike.net\/?page_id=562"},"modified":"2026-02-02T17:15:55","modified_gmt":"2026-02-02T17:15:55","slug":"tienda-merchandising","status":"publish","type":"page","link":"https:\/\/fuertebike.net\/de\/store-merchandising\/","title":{"rendered":"Store-Merchandising"},"content":{"rendered":"<style>.kb-row-layout-id562_454761-fb > .kt-row-column-wrap{align-content:center;}:where(.kb-row-layout-id562_454761-fb > .kt-row-column-wrap) > .wp-block-kadence-column{justify-content:center;}.kb-row-layout-id562_454761-fb > .kt-row-column-wrap{column-gap:40px;row-gap:var(--global-kb-gap-md, 2rem);padding-top:0px;padding-right:0px;padding-bottom:0px;grid-template-columns:repeat(2, minmax(0, 1fr));}.kb-row-layout-id562_454761-fb > .kt-row-layout-overlay{opacity:0.30;}@media all and (max-width: 1024px){.kb-row-layout-id562_454761-fb > .kt-row-column-wrap{grid-template-columns:repeat(2, minmax(0, 1fr));}}@media all and (max-width: 767px){.kb-row-layout-id562_454761-fb > .kt-row-column-wrap{grid-template-columns:minmax(0, 1fr);}}<\/style><div class=\"kb-row-layout-wrap kb-row-layout-id562_454761-fb alignnone wp-block-kadence-rowlayout\"><div class=\"kt-row-column-wrap kt-has-2-columns kt-row-layout-equal kt-tab-layout-inherit kt-mobile-layout-row kt-row-valign-middle\">\n<style>.kadence-column562_eddd09-33 > .kt-inside-inner-col{display:flex;}.kadence-column562_eddd09-33 > .kt-inside-inner-col,.kadence-column562_eddd09-33 > .kt-inside-inner-col:before{border-top-left-radius:0px;border-top-right-radius:0px;border-bottom-right-radius:0px;border-bottom-left-radius:0px;}.kadence-column562_eddd09-33 > .kt-inside-inner-col{column-gap:var(--global-kb-gap-sm, 1rem);}.kadence-column562_eddd09-33 > .kt-inside-inner-col{flex-direction:column;justify-content:center;}.kadence-column562_eddd09-33 > .kt-inside-inner-col > .aligncenter{width:100%;}.kt-row-column-wrap > .kadence-column562_eddd09-33{align-self:center;}.kt-inner-column-height-full:not(.kt-has-1-columns) > .wp-block-kadence-column.kadence-column562_eddd09-33{align-self:auto;}.kt-inner-column-height-full:not(.kt-has-1-columns) > .wp-block-kadence-column.kadence-column562_eddd09-33 > .kt-inside-inner-col{flex-direction:column;justify-content:center;}.kadence-column562_eddd09-33 > .kt-inside-inner-col:before{opacity:0.3;}.kadence-column562_eddd09-33{position:relative;}@media all and (max-width: 1024px){.kt-row-column-wrap > .kadence-column562_eddd09-33{align-self:center;}}@media all and (max-width: 1024px){.kt-inner-column-height-full:not(.kt-has-1-columns) > .wp-block-kadence-column.kadence-column562_eddd09-33{align-self:auto;}}@media all and (max-width: 1024px){.kt-inner-column-height-full:not(.kt-has-1-columns) > .wp-block-kadence-column.kadence-column562_eddd09-33 > .kt-inside-inner-col{flex-direction:column;justify-content:center;}}@media all and (max-width: 1024px){.kadence-column562_eddd09-33 > .kt-inside-inner-col{flex-direction:column;justify-content:center;}}@media all and (max-width: 767px){.kt-row-column-wrap > .kadence-column562_eddd09-33{align-self:center;}.kt-inner-column-height-full:not(.kt-has-1-columns) > .wp-block-kadence-column.kadence-column562_eddd09-33{align-self:auto;}.kt-inner-column-height-full:not(.kt-has-1-columns) > .wp-block-kadence-column.kadence-column562_eddd09-33 > .kt-inside-inner-col{flex-direction:column;justify-content:center;}.kadence-column562_eddd09-33 > .kt-inside-inner-col{flex-direction:column;justify-content:center;}}<\/style>\n<div class=\"wp-block-kadence-column kadence-column562_eddd09-33 inner-column-1\"><div class=\"kt-inside-inner-col\">\n<p>Im Fuertebike Store neben der Startnummernausgabe k\u00f6nnen Sie am Freitag, den 25. und Samstag, den 26. September das offizielle Event-Trikot, die Shorts und das Event-T-Shirt kaufen.<\/p>\n\n\n\n<p>Die Tabelle mit den Ma\u00dfen der TACTIC-Gr\u00f6\u00dfen k\u00f6nnen Sie <a href=\"https:\/\/drive.google.com\/file\/d\/1Lq0Rz4mkZlJB2ubeBX-5ET00NNFL4qZb\/view\">HIER<\/a> herunterladen<\/p>\n\n\n\n<p>Wenn Sie Fragen haben, k\u00f6nnen Sie uns per E-Mail unter soporte@cdcolumbus.com kontaktieren<\/p>\n\n\n\n<p>Die Organisation <\/p>\n\n\n\n<p>Columbus Eventos, S.L.<\/p>\n<\/div><\/div>\n\n\n<style>.kadence-column562_d85c9c-24 > .kt-inside-inner-col,.kadence-column562_d85c9c-24 > .kt-inside-inner-col:before{border-top-left-radius:0px;border-top-right-radius:0px;border-bottom-right-radius:0px;border-bottom-left-radius:0px;}.kadence-column562_d85c9c-24 > .kt-inside-inner-col{column-gap:var(--global-kb-gap-sm, 1rem);}.kadence-column562_d85c9c-24 > .kt-inside-inner-col{flex-direction:column;}.kadence-column562_d85c9c-24 > .kt-inside-inner-col > .aligncenter{width:100%;}.kadence-column562_d85c9c-24 > .kt-inside-inner-col:before{opacity:0.3;}.kadence-column562_d85c9c-24{position:relative;}@media all and (max-width: 1024px){.kadence-column562_d85c9c-24 > .kt-inside-inner-col{flex-direction:column;justify-content:center;}}@media all and (max-width: 767px){.kadence-column562_d85c9c-24 > .kt-inside-inner-col{flex-direction:column;justify-content:center;}}<\/style>\n<div class=\"wp-block-kadence-column kadence-column562_d85c9c-24 inner-column-2\"><div class=\"kt-inside-inner-col\">\n<figure class=\"wp-block-image size-large is-resized\"><img loading=\"lazy\" decoding=\"async\" width=\"1024\" height=\"683\" src=\"https:\/\/fuertebike.net\/wp-content\/uploads\/2023\/10\/D802474-1024x683.jpg\" alt=\"\" class=\"wp-image-1257\" style=\"width:442px;height:auto\" srcset=\"https:\/\/fuertebike.net\/wp-content\/uploads\/2023\/10\/D802474-1024x683.jpg 1024w, https:\/\/fuertebike.net\/wp-content\/uploads\/2023\/10\/D802474-300x200.jpg 300w, https:\/\/fuertebike.net\/wp-content\/uploads\/2023\/10\/D802474-1536x1025.jpg 1536w, https:\/\/fuertebike.net\/wp-content\/uploads\/2023\/10\/D802474-2048x1367.jpg 2048w\" sizes=\"auto, (max-width: 1024px) 100vw, 1024px\" \/><\/figure>\n<\/div><\/div>\n\n<\/div><\/div>","protected":false},"excerpt":{"rendered":"<p>Im Fuertebike Store neben der Startnummernausgabe k\u00f6nnen Sie am Freitag, den 25. und Samstag, den 26. September das offizielle Event-Trikot, die Shorts und das Event-T-Shirt kaufen. Die Tabelle mit den Ma\u00dfen der TACTIC-Gr\u00f6\u00dfen k\u00f6nnen Sie HIER herunterladen Wenn Sie Fragen haben, k\u00f6nnen Sie uns per E-Mail unter soporte@cdcolumbus.com kontaktieren Die Organisation Columbus Eventos, S.L.<\/p>\n","protected":false},"author":1,"featured_media":1804,"parent":0,"menu_order":0,"comment_status":"closed","ping_status":"closed","template":"","meta":{"_kad_blocks_custom_css":"","_kad_blocks_head_custom_js":"","_kad_blocks_body_custom_js":"","_kad_blocks_footer_custom_js":"","footnotes":""},"class_list":["post-562","page","type-page","status-publish","has-post-thumbnail","hentry"],"blocksy_meta":{"styles_descriptor":{"styles":{"desktop":"","tablet":"","mobile":""},"google_fonts":[],"version":6}},"yoast_head":"<!-- This site is optimized with the Yoast SEO plugin v27.3 - https:\/\/yoast.com\/product\/yoast-seo-wordpress\/ -->\n<title>Store-Merchandising - FUERTEBIKE Fuerteventura<\/title>\n<meta name=\"robots\" content=\"index, follow, max-snippet:-1, max-image-preview:large, max-video-preview:-1\" \/>\n<link rel=\"canonical\" href=\"https:\/\/fuertebike.net\/de\/store-merchandising\/\" \/>\n<meta property=\"og:locale\" content=\"de_DE\" \/>\n<meta property=\"og:type\" content=\"article\" \/>\n<meta property=\"og:title\" content=\"Store-Merchandising - FUERTEBIKE Fuerteventura\" \/>\n<meta property=\"og:description\" content=\"Im Fuertebike Store neben der Startnummernausgabe k\u00f6nnen Sie am Freitag, den 25. und Samstag, den 26. September das offizielle Event-Trikot, die Shorts und das Event-T-Shirt kaufen. Die Tabelle mit den Ma\u00dfen der TACTIC-Gr\u00f6\u00dfen k\u00f6nnen Sie HIER herunterladen Wenn Sie Fragen haben, k\u00f6nnen Sie uns per E-Mail unter soporte@cdcolumbus.com kontaktieren Die Organisation Columbus Eventos, S.L.\" \/>\n<meta property=\"og:url\" content=\"https:\/\/fuertebike.net\/de\/store-merchandising\/\" \/>\n<meta property=\"og:site_name\" content=\"FUERTEBIKE Fuerteventura\" \/>\n<meta property=\"article:publisher\" content=\"https:\/\/www.facebook.com\/FuerteBike\" \/>\n<meta property=\"article:modified_time\" content=\"2026-02-02T17:15:55+00:00\" \/>\n<meta property=\"og:image\" content=\"https:\/\/fuertebike.net\/wp-content\/uploads\/2024\/02\/F802515-scaled.jpg\" \/>\n\t<meta property=\"og:image:width\" content=\"2560\" \/>\n\t<meta property=\"og:image:height\" content=\"1709\" \/>\n\t<meta property=\"og:image:type\" content=\"image\/jpeg\" \/>\n<meta name=\"twitter:card\" content=\"summary_large_image\" \/>\n<meta name=\"twitter:site\" content=\"@Fuertebike_ofi\" \/>\n<meta name=\"twitter:label1\" content=\"Gesch\u00e4tzte Lesezeit\" \/>\n\t<meta name=\"twitter:data1\" content=\"1\u00a0Minute\" \/>\n<script type=\"application\/ld+json\" class=\"yoast-schema-graph\">{\"@context\":\"https:\\\/\\\/schema.org\",\"@graph\":[{\"@type\":\"WebPage\",\"@id\":\"https:\\\/\\\/fuertebike.net\\\/de\\\/store-merchandising\\\/\",\"url\":\"https:\\\/\\\/fuertebike.net\\\/de\\\/store-merchandising\\\/\",\"name\":\"Store-Merchandising - FUERTEBIKE Fuerteventura\",\"isPartOf\":{\"@id\":\"https:\\\/\\\/fuertebike.net\\\/de\\\/#website\"},\"primaryImageOfPage\":{\"@id\":\"https:\\\/\\\/fuertebike.net\\\/de\\\/store-merchandising\\\/#primaryimage\"},\"image\":{\"@id\":\"https:\\\/\\\/fuertebike.net\\\/de\\\/store-merchandising\\\/#primaryimage\"},\"thumbnailUrl\":\"https:\\\/\\\/fuertebike.net\\\/wp-content\\\/uploads\\\/2024\\\/02\\\/F802515-scaled.jpg\",\"datePublished\":\"2022-02-09T18:45:15+00:00\",\"dateModified\":\"2026-02-02T17:15:55+00:00\",\"breadcrumb\":{\"@id\":\"https:\\\/\\\/fuertebike.net\\\/de\\\/store-merchandising\\\/#breadcrumb\"},\"inLanguage\":\"de\",\"potentialAction\":[{\"@type\":\"ReadAction\",\"target\":[[\"https:\\\/\\\/fuertebike.net\\\/de\\\/store-merchandising\\\/\"]]}]},{\"@type\":\"ImageObject\",\"inLanguage\":\"de\",\"@id\":\"https:\\\/\\\/fuertebike.net\\\/de\\\/store-merchandising\\\/#primaryimage\",\"url\":\"https:\\\/\\\/fuertebike.net\\\/wp-content\\\/uploads\\\/2024\\\/02\\\/F802515-scaled.jpg\",\"contentUrl\":\"https:\\\/\\\/fuertebike.net\\\/wp-content\\\/uploads\\\/2024\\\/02\\\/F802515-scaled.jpg\",\"width\":2560,\"height\":1709},{\"@type\":\"BreadcrumbList\",\"@id\":\"https:\\\/\\\/fuertebike.net\\\/de\\\/store-merchandising\\\/#breadcrumb\",\"itemListElement\":[{\"@type\":\"ListItem\",\"position\":1,\"name\":\"Portada\",\"item\":\"https:\\\/\\\/fuertebike.net\\\/de\\\/\"},{\"@type\":\"ListItem\",\"position\":2,\"name\":\"Store-Merchandising\"}]},{\"@type\":\"WebSite\",\"@id\":\"https:\\\/\\\/fuertebike.net\\\/de\\\/#website\",\"url\":\"https:\\\/\\\/fuertebike.net\\\/de\\\/\",\"name\":\"FUERTEBIKE Fuerteventura\",\"description\":\"Electr\u00f3n FuerteBike\",\"publisher\":{\"@id\":\"https:\\\/\\\/fuertebike.net\\\/de\\\/#organization\"},\"potentialAction\":[{\"@type\":\"SearchAction\",\"target\":{\"@type\":\"EntryPoint\",\"urlTemplate\":\"https:\\\/\\\/fuertebike.net\\\/de\\\/?s={search_term_string}\"},\"query-input\":{\"@type\":\"PropertyValueSpecification\",\"valueRequired\":true,\"valueName\":\"search_term_string\"}}],\"inLanguage\":\"de\"},{\"@type\":\"Organization\",\"@id\":\"https:\\\/\\\/fuertebike.net\\\/de\\\/#organization\",\"name\":\"FUERTEBIKE Fuerteventura\",\"url\":\"https:\\\/\\\/fuertebike.net\\\/de\\\/\",\"logo\":{\"@type\":\"ImageObject\",\"inLanguage\":\"de\",\"@id\":\"https:\\\/\\\/fuertebike.net\\\/de\\\/#\\\/schema\\\/logo\\\/image\\\/\",\"url\":\"https:\\\/\\\/fuertebike.net\\\/wp-content\\\/uploads\\\/2025\\\/01\\\/Captura-de-pantalla-2025-01-16-173832.png\",\"contentUrl\":\"https:\\\/\\\/fuertebike.net\\\/wp-content\\\/uploads\\\/2025\\\/01\\\/Captura-de-pantalla-2025-01-16-173832.png\",\"width\":170,\"height\":158,\"caption\":\"FUERTEBIKE Fuerteventura\"},\"image\":{\"@id\":\"https:\\\/\\\/fuertebike.net\\\/de\\\/#\\\/schema\\\/logo\\\/image\\\/\"},\"sameAs\":[\"https:\\\/\\\/www.facebook.com\\\/FuerteBike\",\"https:\\\/\\\/x.com\\\/Fuertebike_ofi\",\"https:\\\/\\\/www.instagram.com\\\/fuertebike\\\/\",\"https:\\\/\\\/www.youtube.com\\\/@ColumbusEventos\"]}]}<\/script>\n<!-- \/ Yoast SEO plugin. -->","yoast_head_json":{"title":"Store-Merchandising - FUERTEBIKE Fuerteventura","robots":{"index":"index","follow":"follow","max-snippet":"max-snippet:-1","max-image-preview":"max-image-preview:large","max-video-preview":"max-video-preview:-1"},"canonical":"https:\/\/fuertebike.net\/de\/store-merchandising\/","og_locale":"de_DE","og_type":"article","og_title":"Store-Merchandising - FUERTEBIKE Fuerteventura","og_description":"Im Fuertebike Store neben der Startnummernausgabe k\u00f6nnen Sie am Freitag, den 25. und Samstag, den 26. September das offizielle Event-Trikot, die Shorts und das Event-T-Shirt kaufen. Die Tabelle mit den Ma\u00dfen der TACTIC-Gr\u00f6\u00dfen k\u00f6nnen Sie HIER herunterladen Wenn Sie Fragen haben, k\u00f6nnen Sie uns per E-Mail unter soporte@cdcolumbus.com kontaktieren Die Organisation Columbus Eventos, S.L.","og_url":"https:\/\/fuertebike.net\/de\/store-merchandising\/","og_site_name":"FUERTEBIKE Fuerteventura","article_publisher":"https:\/\/www.facebook.com\/FuerteBike","article_modified_time":"2026-02-02T17:15:55+00:00","og_image":[{"width":2560,"height":1709,"url":"https:\/\/fuertebike.net\/wp-content\/uploads\/2024\/02\/F802515-scaled.jpg","type":"image\/jpeg"}],"twitter_card":"summary_large_image","twitter_site":"@Fuertebike_ofi","twitter_misc":{"Gesch\u00e4tzte Lesezeit":"1\u00a0Minute"},"schema":{"@context":"https:\/\/schema.org","@graph":[{"@type":"WebPage","@id":"https:\/\/fuertebike.net\/de\/store-merchandising\/","url":"https:\/\/fuertebike.net\/de\/store-merchandising\/","name":"Store-Merchandising - FUERTEBIKE Fuerteventura","isPartOf":{"@id":"https:\/\/fuertebike.net\/de\/#website"},"primaryImageOfPage":{"@id":"https:\/\/fuertebike.net\/de\/store-merchandising\/#primaryimage"},"image":{"@id":"https:\/\/fuertebike.net\/de\/store-merchandising\/#primaryimage"},"thumbnailUrl":"https:\/\/fuertebike.net\/wp-content\/uploads\/2024\/02\/F802515-scaled.jpg","datePublished":"2022-02-09T18:45:15+00:00","dateModified":"2026-02-02T17:15:55+00:00","breadcrumb":{"@id":"https:\/\/fuertebike.net\/de\/store-merchandising\/#breadcrumb"},"inLanguage":"de","potentialAction":[{"@type":"ReadAction","target":[["https:\/\/fuertebike.net\/de\/store-merchandising\/"]]}]},{"@type":"ImageObject","inLanguage":"de","@id":"https:\/\/fuertebike.net\/de\/store-merchandising\/#primaryimage","url":"https:\/\/fuertebike.net\/wp-content\/uploads\/2024\/02\/F802515-scaled.jpg","contentUrl":"https:\/\/fuertebike.net\/wp-content\/uploads\/2024\/02\/F802515-scaled.jpg","width":2560,"height":1709},{"@type":"BreadcrumbList","@id":"https:\/\/fuertebike.net\/de\/store-merchandising\/#breadcrumb","itemListElement":[{"@type":"ListItem","position":1,"name":"Portada","item":"https:\/\/fuertebike.net\/de\/"},{"@type":"ListItem","position":2,"name":"Store-Merchandising"}]},{"@type":"WebSite","@id":"https:\/\/fuertebike.net\/de\/#website","url":"https:\/\/fuertebike.net\/de\/","name":"FUERTEBIKE Fuerteventura","description":"Electr\u00f3n FuerteBike","publisher":{"@id":"https:\/\/fuertebike.net\/de\/#organization"},"potentialAction":[{"@type":"SearchAction","target":{"@type":"EntryPoint","urlTemplate":"https:\/\/fuertebike.net\/de\/?s={search_term_string}"},"query-input":{"@type":"PropertyValueSpecification","valueRequired":true,"valueName":"search_term_string"}}],"inLanguage":"de"},{"@type":"Organization","@id":"https:\/\/fuertebike.net\/de\/#organization","name":"FUERTEBIKE Fuerteventura","url":"https:\/\/fuertebike.net\/de\/","logo":{"@type":"ImageObject","inLanguage":"de","@id":"https:\/\/fuertebike.net\/de\/#\/schema\/logo\/image\/","url":"https:\/\/fuertebike.net\/wp-content\/uploads\/2025\/01\/Captura-de-pantalla-2025-01-16-173832.png","contentUrl":"https:\/\/fuertebike.net\/wp-content\/uploads\/2025\/01\/Captura-de-pantalla-2025-01-16-173832.png","width":170,"height":158,"caption":"FUERTEBIKE Fuerteventura"},"image":{"@id":"https:\/\/fuertebike.net\/de\/#\/schema\/logo\/image\/"},"sameAs":["https:\/\/www.facebook.com\/FuerteBike","https:\/\/x.com\/Fuertebike_ofi","https:\/\/www.instagram.com\/fuertebike\/","https:\/\/www.youtube.com\/@ColumbusEventos"]}]}},"taxonomy_info":[],"featured_image_src_large":["https:\/\/fuertebike.net\/wp-content\/uploads\/2024\/02\/F802515-1024x683.jpg",1024,683,true],"author_info":{"display_name":"admin","author_link":"https:\/\/fuertebike.net\/de\/author\/fuertebikecontrol\/"},"comment_info":0,"_links":{"self":[{"href":"https:\/\/fuertebike.net\/de\/wp-json\/wp\/v2\/pages\/562","targetHints":{"allow":["GET"]}}],"collection":[{"href":"https:\/\/fuertebike.net\/de\/wp-json\/wp\/v2\/pages"}],"about":[{"href":"https:\/\/fuertebike.net\/de\/wp-json\/wp\/v2\/types\/page"}],"author":[{"embeddable":true,"href":"https:\/\/fuertebike.net\/de\/wp-json\/wp\/v2\/users\/1"}],"replies":[{"embeddable":true,"href":"https:\/\/fuertebike.net\/de\/wp-json\/wp\/v2\/comments?post=562"}],"version-history":[{"count":13,"href":"https:\/\/fuertebike.net\/de\/wp-json\/wp\/v2\/pages\/562\/revisions"}],"predecessor-version":[{"id":2661,"href":"https:\/\/fuertebike.net\/de\/wp-json\/wp\/v2\/pages\/562\/revisions\/2661"}],"wp:featuredmedia":[{"embeddable":true,"href":"https:\/\/fuertebike.net\/de\/wp-json\/wp\/v2\/media\/1804"}],"wp:attachment":[{"href":"https:\/\/fuertebike.net\/de\/wp-json\/wp\/v2\/media?parent=562"}],"curies":[{"name":"wp","href":"https:\/\/api.w.org\/{rel}","templated":true}]}}