{"id":146,"date":"2022-01-21T13:21:05","date_gmt":"2022-01-21T13:21:05","guid":{"rendered":"https:\/\/fuertebike.net\/index.php\/politica-de-cookies\/"},"modified":"2023-08-01T16:14:47","modified_gmt":"2023-08-01T16:14:47","slug":"politica-de-cookies","status":"publish","type":"page","link":"https:\/\/fuertebike.net\/de\/politica-de-cookies\/","title":{"rendered":"Pol\u00edtica de Cookies"},"content":{"rendered":"<p class=\"qtranxs-available-languages-message qtranxs-available-languages-message-de\">Leider ist der Eintrag nur auf <a href=\"https:\/\/fuertebike.net\/en\/wp-json\/wp\/v2\/pages\/146\" class=\"qtranxs-available-language-link qtranxs-available-language-link-en\" title=\"English\">English<\/a> verf\u00fcgbar.<\/p><h2>\u00bfQu\u00e9 son las cookies?<\/h2>\n\n<p>\n\tEn ingl\u00e9s, el t\u00e9rmino &quot;cookie&quot; significa galleta, pero en el \u00e1mbito de la navegaci\u00f3n web, una &quot;cookie&quot; es algo completamente distinto. Cuando accede a nuestro Sitio Web, en el navegador de su dispositivo se almacena una peque\u00f1a cantidad de texto que se denomina &quot;cookie&quot;. Este texto contiene informaci\u00f3n variada sobre su navegaci\u00f3n, h\u00e1bitos, preferencias, personalizaciones de contenidos, etc...\n<\/p>\n\n<p>\n\tExisten otras tecnolog\u00edas que funcionan de manera similar y que tambi\u00e9n se usan para recopilar datos sobre tu actividad de navegaci\u00f3n. Llamaremos &quot;cookies&quot; a todas estas tecnolog\u00edas en su conjunto.\n<\/p>\n\n<p>\n\tLos usos concretos que hacemos de estas tecnolog\u00edas se describen en el presente documento.\n<\/p>\n\n<h2>\u00bfPara qu\u00e9 se utilizan las cookies en esta web?<\/h2>\n\n<p>\n\tLas cookies son una parte esencial de c\u00f3mo funciona el Sitio Web. El objetivo principal de nuestras cookies es mejorar su experiencia en la navegaci\u00f3n. Por ejemplo, para recordar sus preferencias (idioma, pa\u00eds, etc.) durante la navegaci\u00f3n y en futuras visitas. La informaci\u00f3n recogida en las cookies nos permite adem\u00e1s mejorar la web, adaptarla a sus intereses como usuario, acelerar las b\u00fasquedas que realice, etc..\n<\/p>\n\n<p>\n\tEn determinados casos, si hemos obtenido su previo consentimiento informado, podremos utilizar cookies para otros usos, como por ejemplo para obtener informaci\u00f3n que nos permita mostrarle publicidad basada en el an\u00e1lisis de sus h\u00e1bitos de navegaci\u00f3n.\n<\/p>\n\n<h2>\u00bfPara qu\u00e9 NO se utilizan las cookies en esta web?<\/h2>\n\n<p>\n\tEn las cookies que utilizamos no se almacena informaci\u00f3n sensible de identificaci\u00f3n personal como su nombre, direcci\u00f3n, tu contrase\u00f1a, etc...\n<\/p>\n\n<h2>\u00bfQui\u00e9n utiliza la informaci\u00f3n almacenada en las cookies?<\/h2>\n\n<p>\n\tLa informaci\u00f3n almacenada en las cookies de nuestro Sitio Web es utilizada exclusivamente por nosotros, a excepci\u00f3n de aquellas identificadas m\u00e1s adelante como &quot;cookie de terceros&quot;, que son utilizadas y gestionadas por entidades externas que nos proporcionan servicios que mejoran la experiencia del usuario. Por ejemplo las estad\u00edsticas que se recogen sobre el n\u00famero de visitas, el contenido que m\u00e1s gusta, etc... \n<\/p>\n\n\n\n<h2>\u00bfC\u00f3mo puede evitar el uso de cookies en este Sitio Web?<\/h2>\n\n<p>\n\tSi prefiere evitar el uso de las cookies, puede RECHAZAR su uso o puede CONFIGURAR las que quiere evitar y las que permite utilizar (en este documento le damos informaci\u00f3n ampliada al respecto de cada tipo de cookie, su finalidad, destinatario, temporalidad, etc... ).\n<\/p>\n\n<p>\n\tSi las ha aceptado, no volveremos a preguntarle a menos que borre las cookies en su dispositivo seg\u00fan se indica en el apartado siguiente. Si quiere revocar el consentimiento tendr\u00e1 que eliminar las cookies y volver a configurarlas.\n<\/p>\n\n\n<h2>\u00bfC\u00f3mo deshabilito y elimino la utilizaci\u00f3n de cookies?<\/h2>\n\n\n\n<p>\n\tPara restringir, bloquear o borrar las cookies de este Sitio Web (y las usada por terceros) puede hacerlo, en cualquier momento, modificando la configuraci\u00f3n de su navegador. Tenga en cuenta que esta configuraci\u00f3n es diferente en cada navegador.\n<\/p>\n\n<p> \n  En los siguientes enlaces encontrar\u00e1 instrucciones para habilitar o deshabilitar las cookies en los navegadores m\u00e1s comunes.\n<\/p>\n\n<p>\n  <ul>\n    <li><a rel=\"nofollow\" target=\"_blank\" rel=\"noopener noreferrer nofollow\" href=\"http:\/\/support.mozilla.org\/es\/kb\/habilitar-y-deshabilitar-cookies-que-los-sitios-we\">Firefox<\/a><\/li>\n    <li><a target=\"_blank\" rel=\"noopener noreferrer nofollow\" href=\"https:\/\/support.google.com\/chrome\/answer\/95647?hl=es\">Google Chrome<\/a><\/li>\n    <li><a target=\"_blank\" rel=\"noopener noreferrer nofollow\" href='https:\/\/support.microsoft.com\/es-es\/help\/17442\/windows-internet-explorer-delete-manage-cookies#ie=\"ie-10'>Internet Explorer<\/a><\/li>\n    <li><a target=\"_blank\" rel=\"noopener noreferrer nofollow\" href='https:\/\/support.microsoft.com\/es-es\/help\/4468242\/microsoft-edge-browsing-data-and-privacy'>Microsoft Edge<\/a><\/li>\n    <li><a rel=\"nofollow\" target=\"_blank\" rel=\"noopener noreferrer nofollow\" href=\"http:\/\/support.apple.com\/kb\/HT1677?viewlocale=es_ES\">Safari<\/a><\/li>\n  <\/ul>\n<\/p>\n\n\n<h2>\u00bfQu\u00e9 tipos de cookies se utilizan en esta p\u00e1gina web?<\/h2>\n\n<p>\n\tCada p\u00e1gina web utiliza sus propias cookies. En nuestra web utilizamos las que se indican a continuaci\u00f3n:\n<\/p>\n\n<p>\n\t<b>SEG\u00daN LA ENTIDAD QUE LO GESTIONA<\/b>\n<\/p>\n\n<p>\n\t<b>Cookies propias:<\/b>\n<\/p>\n\n<p>\n\tSon aquellas que se env\u00edan al equipo terminal del Usuario desde un equipo o dominio gestionado por el propio editor y desde el que se presta el servicio solicitado por el Usuario.\n<\/p>\n\n<p>\n\t<b>Cookies de terceros:<\/b>\n<\/p>\n\n<p>\n\tSon aquellas que se env\u00edan al equipo terminal del Usuario desde un equipo o dominio que no es gestionado por el editor, sino por otra entidad que trata los datos obtenidos trav\u00e9s de las cookies.\n<\/p>\n\n<p>\n\tEn el caso de que las cookies sean servidas desde un equipo o dominio gestionado por el propio editor, pero la informaci\u00f3n que se recoja mediante estas sea gestionada por un tercero, no pueden ser consideradas como cookies propias si el tercero las utiliza para sus propias finalidades (por ejemplo, la mejora de los servicios que presta o la prestaci\u00f3n de servicios de car\u00e1cter publicitario a favor de otras entidades).\n<\/p>\n\n<p>\n\t<b>SEG\u00daN SU FINALIDAD<\/b>\n<\/p>\n\n<p>\n\t<b>Cookies t\u00e9cnicas:<\/b>\n<\/p>\n\n<p>\n\tSon aquellas necesarias para la navegaci\u00f3n y el buen funcionamiento de nuestro Sitio Web, como por ejemplo, controlar el tr\u00e1fico y la comunicaci\u00f3n de datos, identificar la sesi\u00f3n, acceder a partes de acceso restringido, realizar la solicitud de inscripci\u00f3n o participaci\u00f3n en un evento, contar visitas a efectos de la facturaci\u00f3n de licencias del software con el que funciona el servicio del Sitio Web, utilizar elementos de seguridad durante la navegaci\u00f3n, almacenar contenidos para la difusi\u00f3n de v\u00eddeos o sonido, habilitar contenidos din\u00e1micos (por ejemplo, animaci\u00f3n de carga de un texto o imagen).\n<\/p>\n\n<p>\n\t<b>Cookies de an\u00e1lisis:<\/b>\n<\/p>\n\n<p>\n\tPermiten cuantificar el n\u00famero de usuarios y as\u00ed realizar la medici\u00f3n y an\u00e1lisis estad\u00edstico de la utilizaci\u00f3n que hacen los usuarios del Sitio Web. \n<\/p>\n\n<p>\n\t<b>Cookies de preferencias o personalizaci\u00f3n:<\/b>\n<\/p>\n\n<p>\n\tSon aquellas que permiten recordar informaci\u00f3n para que el Usuario acceda al servicio con determinadas caracter\u00edsticas que pueden diferenciar su experiencia de la de otros usuarios, como, por ejemplo, el idioma, el n\u00famero de resultados a mostrar cuando el Usuario realiza una b\u00fasqueda, el aspecto o contenido del servicio en funci\u00f3n del tipo de navegador a trav\u00e9s del cual el Usuario accede al servicio o de la regi\u00f3n desde la que accede al servicio, etc.\n<\/p>\n\n\n\n<p>\n\t<b>SEG\u00daN EL PLAZO DE TIEMPO QUE PERMANECEN ACTIVADAS<\/b>\n<\/p>\n\n<p>\n\t<b>Cookies de sesi\u00f3n:<\/b>\n<\/p>\n\n<p>\n\tSon aquellas dise\u00f1adas para recabar y almacenar datos mientras el Usuario accede a una p\u00e1gina web.\n<\/p>\n\n<p>\n\tSe suelen emplear para almacenar informaci\u00f3n que solo interesa conservar para la prestaci\u00f3n del servicio solicitado por el Usuario en una sola ocasi\u00f3n (por ejemplo, una lista de productos adquiridos) y desaparecen al terminar la sesi\u00f3n.\n<\/p>\n\n<p>\n\t<b>Cookies persistentes:<\/b>\n<\/p>\n\n<p>\n\tSon aquellas en las que los datos siguen almacenados en el terminal y pueden ser accedidos y tratados durante un periodo definido por el responsable de la cookie, y que puede ir de unos minutos a varios a\u00f1os. A este respecto debe valorarse espec\u00edficamente si es necesaria la utilizaci\u00f3n de cookies persistentes, puesto que los riesgos para la privacidad podr\u00edan reducirse mediante la utilizaci\u00f3n de cookies de sesi\u00f3n. En todo caso, cuando se instalen cookies persistentes, se recomienda reducir al m\u00ednimo necesario su duraci\u00f3n temporal atendiendo a la finalidad de su uso. A estos efectos, el Dictamen 4\/2012 del GT29 indic\u00f3 que para que una cookie pueda estar exenta del deber de consentimiento informado, su caducidad debe estar relacionada con su finalidad. Debido a ello, es mucho m\u00e1s probable que se consideren como exceptuadas las cookies de sesi\u00f3n que las persistentes.\n<\/p>\n\n\n<p>\n\t<b>Detalle de cookies utilizadas en esta web:<\/b>\n<\/p>\n\n\n<p>What are cookies?<\/p>\n\n\n\n<p>In English, the term &#8222;cookie&#8220; means biscuit, but in the field of web browsing, a &#8222;cookie&#8220; is something entirely different. When you access our Website, a small amount of text called a \u201ccookie\u201d is stored on your browser. This text contains various information about your browsing habits, preferences, personalised content, etc.<\/p>\n\n\n\n<p>There are other technologies that work in a similar way and are also used to collect data about your browsing activity. All these technologies are together referred to hereafter as \u201ccookies\u201d.<\/p>\n\n\n\n<p>The specific uses we make of these technologies are described below.<\/p>\n\n\n\n<p>What are cookies used for on this website?<\/p>\n\n\n\n<p>Cookies are an essential part of how our Website works. The main point of our cookies is to improve your browsing experience. For example, they are used to remember your preferences (language, country etc.) while browsing and in future visits. The information collected in cookies also allows us to improve the site, adapting the website to the individual interests of users, accelerating searches, etc.<\/p>\n\n\n\n<p>Under certain circumstances, provided we have obtained your prior informed consent, we may use cookies for other purposes, such as to obtain information that allows us to show you ads based on analysing your browsing habits.<\/p>\n\n\n\n<p>What are cookies NOT used for on this website?<\/p>\n\n\n\n<p>We do not store sensitive personal identification information such as your name, address, your password etc&#8230;<\/p>\n\n\n\n<p>Who uses the information stored in cookies?<\/p>\n\n\n\n<p>The information stored in our Website&#8217;s cookies is used exclusively by us, except for those identified below as &#8222;Third party Cookies&#8220;, which are used and managed by external entities to provide us with services that improve the user experience. For example, statistics collected regarding the number of visits, about the content that you like the most etc&#8230;<\/p>\n\n\n\n<p>How can I avoid using cookies on this Website?<\/p>\n\n\n\n<p>If you prefer to avoid the use of cookies, you can REFUSE their use or CONFIGURE the uses you want to avoid and those you wish to allow (in this document we provide extensive information about each type of cookie, its purpose, recipient, temporality, etc&#8230;).<\/p>\n\n\n\n<p>If you have accepted cookies, we will not ask you again unless you delete them on your device as indicated in the following section. If you want to revoke your consent, you will need to delete the cookies and reconfigure them.<\/p>\n\n\n\n<p>How do I disable and eliminate the use of cookies?<\/p>\n\n\n\n<p>To restrict, block or delete this Website\u2019s cookies (and the cookies used by third parties), you can do so, at any time, by modifying your browser\u2019s settings. Please note that this setting is different in each browser.<\/p>\n\n\n\n<p>In the following links you can find instructions on how to enable or disable cookies on the most common browsers.<\/p>\n\n\n\n<p>Firefox<\/p>\n\n\n\n<p>Google Chrome<\/p>\n\n\n\n<p>Internet Explorer<\/p>\n\n\n\n<p>Microsoft Edge<\/p>\n\n\n\n<p>Safari<\/p>\n\n\n\n<p>What kind of cookies are used on this website?<\/p>\n\n\n\n<p>Each website uses its own cookies. On our website we use the ones listed below:<\/p>\n\n\n\n<p>DEPENDING ON THE ENTITY THAT MANAGES THEM<\/p>\n\n\n\n<p>First-party cookies:<\/p>\n\n\n\n<p>These are sent to the User\u2019s terminal from a computer or domain managed by the Publisher, from which the service requested by the User is provided.<\/p>\n\n\n\n<p>Third-party cookies:<\/p>\n\n\n\n<p>These are sent to the User&#8217;s terminal from a computer or domain that is not managed by the Publisher, but rather by another entity that processes the data obtained through the cookies.<\/p>\n\n\n\n<p>In the event that cookies are sent from a computer or domain managed by the Publisher itself, but the information collected through them is managed by a third party, they cannot be considered as the Publisher&#8217;s own cookies if the third party uses them for their own purposes (for example, to improve the service it provides or the provision of advertising services on behalf of other companies or bodies).<\/p>\n\n\n\n<p>DEPENDING ON THEIR PURPOSE<\/p>\n\n\n\n<p>Technical cookies:<\/p>\n\n\n\n<p>These are necessary for the navigation and proper functioning of our Website, such as controlling traffic and data communication, identifying the session, accessing restricted access parts, as part of the request for registration or participation in an event, counting visits for the purposes of the billing of licenses of the software with which the Website service works, using security elements during browsing, storing content for the dissemination of videos or sound, enabling dynamic content (for example, loading a text or image animation).<\/p>\n\n\n\n<p>Analytics cookies:<\/p>\n\n\n\n<p>These quantify the number of users in order to carry out measurement and statistical analysis of how the Website&#8217;s users use the service offered.<\/p>\n\n\n\n<p>Functionality cookies:<\/p>\n\n\n\n<p>These allow the website to remember information so that the user can access the service with certain characteristics that differentiate their experience from that of other users: such as, for example, language, number of results displayed when the User performs a search, the appearance or content of the service according to the type of browser through which the User accesses the service or the region from which the service is accessed, etc.<\/p>\n\n\n\n<p>DEPENDING ON THE TIME THEY REMAIN ACTIVE<\/p>\n\n\n\n<p>Session cookies:<\/p>\n\n\n\n<p>These are designed to collect and store data while the User accesses a web page.<\/p>\n\n\n\n<p>They are typically used to store information that is only relevant for the provision of the service requested by the User on one single occasion (for example, a list of products purchased) and disappear when the session is ended.<\/p>\n\n\n\n<p>Persistent cookies:<\/p>\n\n\n\n<p>These are a type of cookie in which the data remains stored in the terminal and can be accessed and processed for a period defined by the cookie Data Controller, which can range from a few minutes to several years. Therefore, it is important to consider whether the use of persistent cookies is necessary, as privacy risks could be reduced by the use of session cookies instead. In any case, if persistent cookies are installed, it is recommended to reduce their temporary duration to the minimum time necessary according to their purpose. To this end, Article WP29 4\/2012 states that for a cookie to be exempted from the requirement of informed consent, its expiry date must be related to its purpose. For this reason, session cookies are much more likely to be exempted than persistent cookies.<\/p>","protected":false},"excerpt":{"rendered":"<p>Leider ist der Eintrag nur auf English verf\u00fcgbar.\u00bfQu\u00e9 son las cookies? En ingl\u00e9s, el t\u00e9rmino &quot;cookie&quot; significa galleta, pero en el \u00e1mbito de la navegaci\u00f3n web, una &quot;cookie&quot; es algo completamente distinto. Cuando accede a nuestro Sitio Web, en el navegador de su dispositivo se almacena una peque\u00f1a cantidad de texto que se denomina &quot;cookie&quot;. [&hellip;]<\/p>\n","protected":false},"author":1,"featured_media":0,"parent":0,"menu_order":0,"comment_status":"closed","ping_status":"closed","template":"","meta":{"_kad_blocks_custom_css":"","_kad_blocks_head_custom_js":"","_kad_blocks_body_custom_js":"","_kad_blocks_footer_custom_js":"","footnotes":""},"class_list":["post-146","page","type-page","status-publish","hentry"],"blocksy_meta":{"styles_descriptor":{"styles":{"desktop":"","tablet":"","mobile":""},"google_fonts":[],"version":6}},"yoast_head":"<!-- This site is optimized with the Yoast SEO plugin v27.5 - https:\/\/yoast.com\/product\/yoast-seo-wordpress\/ -->\n<title>Pol\u00edtica de Cookies - FUERTEBIKE Fuerteventura<\/title>\n<meta name=\"robots\" content=\"index, follow, max-snippet:-1, max-image-preview:large, max-video-preview:-1\" \/>\n<link rel=\"canonical\" href=\"https:\/\/fuertebike.net\/de\/cookie-policy\/\" \/>\n<meta property=\"og:locale\" content=\"de_DE\" \/>\n<meta property=\"og:type\" content=\"article\" \/>\n<meta property=\"og:title\" content=\"Pol\u00edtica de Cookies - FUERTEBIKE Fuerteventura\" \/>\n<meta property=\"og:description\" content=\"Leider ist der Eintrag nur auf English verf\u00fcgbar.\u00bfQu\u00e9 son las cookies? En ingl\u00e9s, el t\u00e9rmino &quot;cookie&quot; significa galleta, pero en el \u00e1mbito de la navegaci\u00f3n web, una &quot;cookie&quot; es algo completamente distinto. Cuando accede a nuestro Sitio Web, en el navegador de su dispositivo se almacena una peque\u00f1a cantidad de texto que se denomina &quot;cookie&quot;. [&hellip;]\" \/>\n<meta property=\"og:url\" content=\"https:\/\/fuertebike.net\/de\/cookie-policy\/\" \/>\n<meta property=\"og:site_name\" content=\"FUERTEBIKE Fuerteventura\" \/>\n<meta property=\"article:publisher\" content=\"https:\/\/www.facebook.com\/FuerteBike\" \/>\n<meta property=\"article:modified_time\" content=\"2023-08-01T16:14:47+00:00\" \/>\n<meta property=\"og:image\" content=\"https:\/\/fuertebike.net\/wp-content\/uploads\/2022\/02\/rrss.jpg\" \/>\n\t<meta property=\"og:image:width\" content=\"1800\" \/>\n\t<meta property=\"og:image:height\" content=\"1202\" \/>\n\t<meta property=\"og:image:type\" content=\"image\/jpeg\" \/>\n<meta name=\"twitter:card\" content=\"summary_large_image\" \/>\n<meta name=\"twitter:site\" content=\"@Fuertebike_ofi\" \/>\n<meta name=\"twitter:label1\" content=\"Gesch\u00e4tzte Lesezeit\" \/>\n\t<meta name=\"twitter:data1\" content=\"5\u00a0Minuten\" \/>\n<script type=\"application\/ld+json\" class=\"yoast-schema-graph\">{\"@context\":\"https:\\\/\\\/schema.org\",\"@graph\":[{\"@type\":\"WebPage\",\"@id\":\"https:\\\/\\\/fuertebike.net\\\/de\\\/cookie-policy\\\/\",\"url\":\"https:\\\/\\\/fuertebike.net\\\/de\\\/cookie-policy\\\/\",\"name\":\"Pol\u00edtica de Cookies - FUERTEBIKE Fuerteventura\",\"isPartOf\":{\"@id\":\"https:\\\/\\\/fuertebike.net\\\/de\\\/#website\"},\"datePublished\":\"2022-01-21T13:21:05+00:00\",\"dateModified\":\"2023-08-01T16:14:47+00:00\",\"breadcrumb\":{\"@id\":\"https:\\\/\\\/fuertebike.net\\\/de\\\/cookie-policy\\\/#breadcrumb\"},\"inLanguage\":\"de\",\"potentialAction\":[{\"@type\":\"ReadAction\",\"target\":[[\"https:\\\/\\\/fuertebike.net\\\/de\\\/cookie-policy\\\/\"]]}]},{\"@type\":\"BreadcrumbList\",\"@id\":\"https:\\\/\\\/fuertebike.net\\\/de\\\/cookie-policy\\\/#breadcrumb\",\"itemListElement\":[{\"@type\":\"ListItem\",\"position\":1,\"name\":\"Portada\",\"item\":\"https:\\\/\\\/fuertebike.net\\\/de\\\/\"},{\"@type\":\"ListItem\",\"position\":2,\"name\":\"Cookie policy\"}]},{\"@type\":\"WebSite\",\"@id\":\"https:\\\/\\\/fuertebike.net\\\/de\\\/#website\",\"url\":\"https:\\\/\\\/fuertebike.net\\\/de\\\/\",\"name\":\"FUERTEBIKE Fuerteventura\",\"description\":\"Electr\u00f3n FuerteBike\",\"publisher\":{\"@id\":\"https:\\\/\\\/fuertebike.net\\\/de\\\/#organization\"},\"potentialAction\":[{\"@type\":\"SearchAction\",\"target\":{\"@type\":\"EntryPoint\",\"urlTemplate\":\"https:\\\/\\\/fuertebike.net\\\/de\\\/?s={search_term_string}\"},\"query-input\":{\"@type\":\"PropertyValueSpecification\",\"valueRequired\":true,\"valueName\":\"search_term_string\"}}],\"inLanguage\":\"de\"},{\"@type\":\"Organization\",\"@id\":\"https:\\\/\\\/fuertebike.net\\\/de\\\/#organization\",\"name\":\"FUERTEBIKE Fuerteventura\",\"url\":\"https:\\\/\\\/fuertebike.net\\\/de\\\/\",\"logo\":{\"@type\":\"ImageObject\",\"inLanguage\":\"de\",\"@id\":\"https:\\\/\\\/fuertebike.net\\\/de\\\/#\\\/schema\\\/logo\\\/image\\\/\",\"url\":\"https:\\\/\\\/fuertebike.net\\\/wp-content\\\/uploads\\\/2025\\\/01\\\/Captura-de-pantalla-2025-01-16-173832.png\",\"contentUrl\":\"https:\\\/\\\/fuertebike.net\\\/wp-content\\\/uploads\\\/2025\\\/01\\\/Captura-de-pantalla-2025-01-16-173832.png\",\"width\":170,\"height\":158,\"caption\":\"FUERTEBIKE Fuerteventura\"},\"image\":{\"@id\":\"https:\\\/\\\/fuertebike.net\\\/de\\\/#\\\/schema\\\/logo\\\/image\\\/\"},\"sameAs\":[\"https:\\\/\\\/www.facebook.com\\\/FuerteBike\",\"https:\\\/\\\/x.com\\\/Fuertebike_ofi\",\"https:\\\/\\\/www.instagram.com\\\/fuertebike\\\/\",\"https:\\\/\\\/www.youtube.com\\\/@ColumbusEventos\"]}]}<\/script>\n<!-- \/ Yoast SEO plugin. -->","yoast_head_json":{"title":"Pol\u00edtica de Cookies - FUERTEBIKE Fuerteventura","robots":{"index":"index","follow":"follow","max-snippet":"max-snippet:-1","max-image-preview":"max-image-preview:large","max-video-preview":"max-video-preview:-1"},"canonical":"https:\/\/fuertebike.net\/de\/cookie-policy\/","og_locale":"de_DE","og_type":"article","og_title":"Pol\u00edtica de Cookies - FUERTEBIKE Fuerteventura","og_description":"Leider ist der Eintrag nur auf English verf\u00fcgbar.\u00bfQu\u00e9 son las cookies? En ingl\u00e9s, el t\u00e9rmino &quot;cookie&quot; significa galleta, pero en el \u00e1mbito de la navegaci\u00f3n web, una &quot;cookie&quot; es algo completamente distinto. Cuando accede a nuestro Sitio Web, en el navegador de su dispositivo se almacena una peque\u00f1a cantidad de texto que se denomina &quot;cookie&quot;. [&hellip;]","og_url":"https:\/\/fuertebike.net\/de\/cookie-policy\/","og_site_name":"FUERTEBIKE Fuerteventura","article_publisher":"https:\/\/www.facebook.com\/FuerteBike","article_modified_time":"2023-08-01T16:14:47+00:00","og_image":[{"width":1800,"height":1202,"url":"https:\/\/fuertebike.net\/wp-content\/uploads\/2022\/02\/rrss.jpg","type":"image\/jpeg"}],"twitter_card":"summary_large_image","twitter_site":"@Fuertebike_ofi","twitter_misc":{"Gesch\u00e4tzte Lesezeit":"5\u00a0Minuten"},"schema":{"@context":"https:\/\/schema.org","@graph":[{"@type":"WebPage","@id":"https:\/\/fuertebike.net\/de\/cookie-policy\/","url":"https:\/\/fuertebike.net\/de\/cookie-policy\/","name":"Pol\u00edtica de Cookies - FUERTEBIKE Fuerteventura","isPartOf":{"@id":"https:\/\/fuertebike.net\/de\/#website"},"datePublished":"2022-01-21T13:21:05+00:00","dateModified":"2023-08-01T16:14:47+00:00","breadcrumb":{"@id":"https:\/\/fuertebike.net\/de\/cookie-policy\/#breadcrumb"},"inLanguage":"de","potentialAction":[{"@type":"ReadAction","target":[["https:\/\/fuertebike.net\/de\/cookie-policy\/"]]}]},{"@type":"BreadcrumbList","@id":"https:\/\/fuertebike.net\/de\/cookie-policy\/#breadcrumb","itemListElement":[{"@type":"ListItem","position":1,"name":"Portada","item":"https:\/\/fuertebike.net\/de\/"},{"@type":"ListItem","position":2,"name":"Cookie policy"}]},{"@type":"WebSite","@id":"https:\/\/fuertebike.net\/de\/#website","url":"https:\/\/fuertebike.net\/de\/","name":"FUERTEBIKE Fuerteventura","description":"Electr\u00f3n FuerteBike","publisher":{"@id":"https:\/\/fuertebike.net\/de\/#organization"},"potentialAction":[{"@type":"SearchAction","target":{"@type":"EntryPoint","urlTemplate":"https:\/\/fuertebike.net\/de\/?s={search_term_string}"},"query-input":{"@type":"PropertyValueSpecification","valueRequired":true,"valueName":"search_term_string"}}],"inLanguage":"de"},{"@type":"Organization","@id":"https:\/\/fuertebike.net\/de\/#organization","name":"FUERTEBIKE Fuerteventura","url":"https:\/\/fuertebike.net\/de\/","logo":{"@type":"ImageObject","inLanguage":"de","@id":"https:\/\/fuertebike.net\/de\/#\/schema\/logo\/image\/","url":"https:\/\/fuertebike.net\/wp-content\/uploads\/2025\/01\/Captura-de-pantalla-2025-01-16-173832.png","contentUrl":"https:\/\/fuertebike.net\/wp-content\/uploads\/2025\/01\/Captura-de-pantalla-2025-01-16-173832.png","width":170,"height":158,"caption":"FUERTEBIKE Fuerteventura"},"image":{"@id":"https:\/\/fuertebike.net\/de\/#\/schema\/logo\/image\/"},"sameAs":["https:\/\/www.facebook.com\/FuerteBike","https:\/\/x.com\/Fuertebike_ofi","https:\/\/www.instagram.com\/fuertebike\/","https:\/\/www.youtube.com\/@ColumbusEventos"]}]}},"taxonomy_info":[],"featured_image_src_large":false,"author_info":{"display_name":"admin","author_link":"https:\/\/fuertebike.net\/de\/author\/fuertebikecontrol\/"},"comment_info":0,"_links":{"self":[{"href":"https:\/\/fuertebike.net\/de\/wp-json\/wp\/v2\/pages\/146","targetHints":{"allow":["GET"]}}],"collection":[{"href":"https:\/\/fuertebike.net\/de\/wp-json\/wp\/v2\/pages"}],"about":[{"href":"https:\/\/fuertebike.net\/de\/wp-json\/wp\/v2\/types\/page"}],"author":[{"embeddable":true,"href":"https:\/\/fuertebike.net\/de\/wp-json\/wp\/v2\/users\/1"}],"replies":[{"embeddable":true,"href":"https:\/\/fuertebike.net\/de\/wp-json\/wp\/v2\/comments?post=146"}],"version-history":[{"count":0,"href":"https:\/\/fuertebike.net\/de\/wp-json\/wp\/v2\/pages\/146\/revisions"}],"wp:attachment":[{"href":"https:\/\/fuertebike.net\/de\/wp-json\/wp\/v2\/media?parent=146"}],"curies":[{"name":"wp","href":"https:\/\/api.w.org\/{rel}","templated":true}]}}