{"id":144,"date":"2022-01-21T13:21:05","date_gmt":"2022-01-21T13:21:05","guid":{"rendered":"https:\/\/fuertebike.net\/index.php\/aviso-legal\/"},"modified":"2025-01-17T16:05:03","modified_gmt":"2025-01-17T16:05:03","slug":"aviso-legal","status":"publish","type":"page","link":"https:\/\/fuertebike.net\/de\/aviso-legal\/","title":{"rendered":"Aviso Legal"},"content":{"rendered":"<p class=\"qtranxs-available-languages-message qtranxs-available-languages-message-de\">Leider ist der Eintrag nur auf <a href=\"https:\/\/fuertebike.net\/en\/wp-json\/wp\/v2\/pages\/144\" class=\"qtranxs-available-language-link qtranxs-available-language-link-en\" title=\"English\">English<\/a> verf\u00fcgbar.<\/p><h2>Identificaci\u00f3n y Titularidad<\/h2>\n\n<p>\n\t\tEn cumplimiento del art\u00edculo 10 de la Ley 34\/2002, de 11 de julio, de Servicios de la Sociedad de la Informaci\u00f3n y Comercio Electr\u00f3nico, el Titular expone sus datos identificativos:\n<\/p>\n\n<p>\n\t<ul>\t\t\n\t\t<li>\n\t\t\t<b>Titular:<\/b>&nbsp;\t\t\n\t\t\tCOLUMBUS EVENTOS, S.L..\n\t\t\t\n\t\t<\/li>\n\t\t\n\t\t<li>\n\t\t\t<b>NIF:<\/b>&nbsp;B10941631\n\t\t\t\n\t\t<\/li>\n\n\n\t\t<li>\n\t\t\t<b>Domicilio:<\/b>&nbsp;\n\t\t\t Calle Eusebio Carballo Est\u00e9vez, Corralejo, La Oliva, Fuerteventura,  Las Palmas - Espa\u00f1a.\n\t\t<\/li>\n\t\t\n\t\t<li>\n\t\t\t<b>Correo electr\u00f3nico:<\/b>&nbsp;\n\t\t\torganizacion@cdcolumbus.com\n\t\t<\/li>\n\t\t\n\t\t<li>\n\t\t\t<b>Tel\u00e9fono de contacto:<\/b>&nbsp;\n\t\t\t626768855\n\t\t<\/li>\n\n\t\t<li>\n\t\t\t<b>Sitio Web:<\/b>&nbsp;\n\t\t\t<a href=\"https:\/\/fuertebike.net\">https:\/\/fuertebike.net<\/a>\n\t\t<\/li>\n\t<\/ul>\n<\/p>\n\n\n\n<h2>Condiciones de Uso<\/h2>\n<p>\n\tLa utilizaci\u00f3n del Sitio Web le otorga la condici\u00f3n de Usuario, e implica la aceptaci\u00f3n completa de todas las cl\u00e1usulas y condiciones de uso incluidas en las p\u00e1ginas:\n\t<ul>\t\t\n\t\t<li><a href=\"https:\/\/fuertebike.net\/de\/aviso-legal\/\">Aviso Legal<\/a><\/li>\n\t\t<li><a href=\"https:\/\/fuertebike.net\/de\/politica-de-privacidad\/\">Pol\u00edtica de Privacidad<\/a><\/li>\n\t\t<li><a href=\"https:\/\/fuertebike.net\/de\/politica-de-cookies\/\">Pol\u00edtica de Cookies<\/a><\/li>\n\t<\/ul>\t\n<\/p>\n\n<p>\n\tSi no estuviera conforme con todas y cada una de estas cl\u00e1usulas y condiciones abst\u00e9ngase de utilizar el Sitio Web.\n<\/p>\n\n<p>\t\n\tEl acceso al Sitio Web no supone, en modo alguno, el inicio de una relaci\u00f3n comercial con el Titular.\n<\/p>\n\n<p>\t\n\tA trav\u00e9s del Sitio Web, el Titular le facilita el acceso y la utilizaci\u00f3n de diversos contenidos que el Titular y\/o sus colaboradores han publicado por medio de Internet.\n<\/p>\n\n<p>\n\tA tal efecto, est\u00e1 obligado y comprometido a NO utilizar cualquiera de los contenidos del Sitio Web con fines o efectos il\u00edcitos, prohibidos en este Aviso Legal o por la legislaci\u00f3n vigente, lesivos de los derechos e intereses de terceros, o que de cualquier forma puedan da\u00f1ar, inutilizar, sobrecargar, deteriorar o impedir la normal utilizaci\u00f3n de los contenidos, los equipos inform\u00e1ticos o los documentos, archivos y toda clase de contenidos almacenados en cualquier equipo inform\u00e1tico propios o contratados por el Titular, de otros usuarios o de cualquier usuario de Internet.\n<\/p>\n\n\n\n\n\n\n<h2>Medidas de seguridad<\/h2>\n<p>\n\tLos datos personales que facilite al Titular pueden ser almacenados en bases de datos automatizadas o no, cuya titularidad corresponde en exclusiva al Titular, que asume todas las medidas de \u00edndole t\u00e9cnica, organizativa y de seguridad que garantizan la confidencialidad, integridad y calidad de la informaci\u00f3n contenida en las mismas de acuerdo con lo establecido en la normativa vigente en protecci\u00f3n de datos.\n<\/p>\n<p>\n\tNo obstante, debe ser consciente de que las medidas de seguridad de los sistemas inform\u00e1ticos en Internet no son enteramente fiables y que, por tanto el Titular no puede garantizar la inexistencia de virus u otros elementos que puedan producir alteraciones en los sistemas inform\u00e1ticos (software y hardware) del Usuario o en sus documentos electr\u00f3nicos y ficheros contenidos en los mismos aunque el Titular pone todos los medios necesarios y toma las medidas de seguridad oportunas para evitar la presencia de estos elementos da\u00f1inos.\n<\/p>\n\n\n<h2>Tratamiento de Datos Personales<\/h2>\n<p>\t\n\tPuede consultar toda la informaci\u00f3n relativa al tratamiento de datos personales que recoge el Titular en la p\u00e1gina de  <a href=\"https:\/\/fuertebike.net\/de\/politica-de-privacidad\/\">Pol\u00edtica de Privacidad<\/a>.\n<\/p>\n\n<h2>Contenidos<\/h2>\n<p>\n\tEl Titular ha obtenido la informaci\u00f3n, el contenido multimedia y los materiales incluidos en el Sitio Web de fuentes que considera fiables, pero, si bien ha tomado todas las medidas razonables para asegurar que la informaci\u00f3n contenida es correcta, el Titular no garantiza que sea exacta, completa o actualizada. El Titular declina expresamente cualquier responsabilidad por error u omisi\u00f3n en la informaci\u00f3n contenida en las p\u00e1ginas del Sitio Web.\n<\/p>\n\n<p>\n\tQueda prohibido transmitir o enviar a trav\u00e9s del Sitio Web cualquier contenido ilegal o il\u00edcito, virus inform\u00e1ticos, o mensajes que, en general, afecten o violen derechos del Titular o de terceros.\n<\/p>\n\n<p>\n\tLos contenidos del Sitio Web tienen \u00fanicamente una finalidad informativa y bajo ninguna circunstancia deben usarse ni considerarse como oferta de venta, solicitud de una oferta de compra ni recomendaci\u00f3n para realizar cualquier otra operaci\u00f3n, salvo que as\u00ed se indique expresamente.\n<\/p>\n\n<p>\n\tEl Titular se reserva el derecho a modificar, suspender, cancelar o restringir el contenido del Sitio Web, los v\u00ednculos o la informaci\u00f3n obtenida a trav\u00e9s del Sitio Web, sin necesidad de previo aviso.\n<\/p>\n\n<p>\n\tEl Titular\u00a0no es responsable de los da\u00f1os y perjuicios que pudieran derivarse de la utilizaci\u00f3n de la informaci\u00f3n del Sitio Web.\n<\/p>\n\n\n<h2>Pol\u00edtica de cookies<\/h2>\n<p>\n\tPuede consultar toda la informaci\u00f3n relativa a la pol\u00edtica de recogida y tratamiento de las cookies en la p\u00e1gina de  <a href=\"https:\/\/fuertebike.net\/de\/politica-de-cookies\/\">Pol\u00edtica de Cookies<\/a>.\n<\/p>\n\n\n<h2>Enlaces a otros sitios Web<\/h2>\n<p>\n\tEl Titular puede proporcionarle acceso a sitios Web de terceros mediante enlaces con la finalidad exclusiva de informar sobre la existencia de otras fuentes de informaci\u00f3n en Internet en las que podr\u00e1 ampliar los datos ofrecidos en el Sitio Web.\n<\/p>\n\n<p>\t\n\tEstos enlaces a otros sitios Web no suponen en ning\u00fan caso una sugerencia o recomendaci\u00f3n para que usted visite las p\u00e1ginas web de destino, que est\u00e1n fuera del control del Titular, por lo que el Titular no es responsable del contenido de los sitios web vinculados ni del resultado que obtenga al seguir los enlaces.\n\tAsimismo, el Titular no responde de los links o enlaces ubicados en los sitios web vinculados a los que le proporciona acceso.\n<\/p>\n\n<p>\n\tEl establecimiento del enlace no implica en ning\u00fan caso la existencia de relaciones entre el Titular y el propietario del sitio en el que se establezca el enlace, ni la aceptaci\u00f3n o aprobaci\u00f3n por parte del Titular de sus contenidos o servicios.\n<\/p>\n\n<p>\t\n\tSi accede a un sitio web externo desde un enlace que encuentre en el Sitio Web usted deber\u00e1 leer la propia pol\u00edtica de privacidad del otro sitio web que puede ser diferente de la de este sitio Web.\n<\/p>\n\n\n\n<h2>Propiedad intelectual e industrial<\/h2>\n<p>\n\tTodos los derechos est\u00e1n reservados.\n<\/p>\n<p>\n\tTodo acceso a este Sitio Web est\u00e1 sujeto a las siguientes condiciones: la reproducci\u00f3n, almacenaje permanente y la difusi\u00f3n de los contenidos o cualquier otro uso que tenga finalidad p\u00fablica o comercial queda expresamente prohibida sin el consentimiento previo expreso y por escrito del Titular.\n<\/p>\n\n\n<h2>Limitaci\u00f3n de responsabilidad<\/h2>\n<p>\n\tEl Titular declina cualquier responsabilidad en caso de que existan interrupciones o un mal funcionamiento de los Servicios o contenidos ofrecidos en Internet, cualquiera que sea su causa. Asimismo, el Titular no se hace responsable por ca\u00eddas de la red, p\u00e9rdidas de negocio a consecuencia de dichas ca\u00eddas, suspensiones temporales de fluido el\u00e9ctrico o cualquier otro tipo de da\u00f1o indirecto que te pueda ser causado por causas ajenas a el Titular.\n<\/p>\n<p>\n\tAntes de tomar decisiones y\/o acciones con base a la informaci\u00f3n incluida en el Sitio Web, el Titular le recomienda comprobar y contrastar la informaci\u00f3n recibida con otras fuentes.\n<\/p>\n\n\n\n<h2>Jurisdicci\u00f3n<\/h2>\n<p>\t\n\tEste Aviso Legal se rige \u00edntegramente por la legislaci\u00f3n espa\u00f1ola.\n<\/p>\n\n\n<h2>Contacto<\/h2>\n<p>\t\n\tEn caso de que usted tenga cualquier duda acerca de este Aviso Legal o quiera realizar cualquier comentario sobre el Sitio Web, puede enviar un mensaje de correo electr\u00f3nico a la direcci\u00f3n: organizacion@cdcolumbus.com\n<\/p>\n\n<p>Identification and Ownership<\/p>\n\n\n\n<p>In compliance with article 10 of Law 34\/2002, of July 11, on Information Society and Electronic Commerce Services, the Owner exposes their identification data:<\/p>\n\n\n\n<p>Owner: Columbus Eventos, S.L.<\/p>\n\n\n\n<p>NIF (Tax identification number): B10941631<\/p>\n\n\n\n<p>Address: Calle Eusebio Carballo Est\u00e9vez 12 &#8211; 35660 Corralejo, La Oliva, Fuerteventura, Las Palmas &#8211; Spain.<\/p>\n\n\n\n<p>Email: organizacion@cdcolumbus.com<\/p>\n\n\n\n<p>Website: https:\/\/fuertebike.net<\/p>\n\n\n\n<p>Terms of Use<\/p>\n\n\n\n<p>By using the website you have the status of &#8222;User&#8220;, which implies full acceptance of all the clauses, terms and conditions of use included in the following pages:<\/p>\n\n\n\n<p>Legal Notice<\/p>\n\n\n\n<p>Privacy Policy<\/p>\n\n\n\n<p>Cookie Policy<\/p>\n\n\n\n<p>If you do not agree with any or all of these terms and conditions, please avoid using the Website.<\/p>\n\n\n\n<p>Accessing the Website does not imply, in any way, the beginning of a commercial relationship with the Owner.<\/p>\n\n\n\n<p>The Owner uses this Website to provide you with access to and use of content that they and\/or their partners have published on the Internet.<\/p>\n\n\n\n<p>To that effect, you commit to REFRAIN from using any of the Website content for illicit purposes or effects, prohibited in this Legal Notice or by current legislation, that may be harmful to the rights and interests of third parties, or which in any way could damage, disable, overload, deteriorate or prevent the normal use of the content, computer equipment, documents, files and all types of content stored on any computer equipment owned or contracted by the Owner, other users or any internet user.<\/p>\n\n\n\n<p>Security measures<\/p>\n\n\n\n<p>The personal data you provide to the Owner may be stored on automated or non-automated databases and is owned exclusively by the Owner, who implements all technical, organisational and security measures that guarantee the confidentiality, integrity and quality of the information contained therein, in accordance with the provisions of current data protection regulations.<\/p>\n\n\n\n<p>However, please note that security measures for computer systems on the internet are not entirely reliable, so the Owner cannot guarantee the absence of viruses or other elements which may affect your computer systems (software and hardware) or your electronic documents and files contained therein. Nonetheless, the Owner uses all necessary means and takes the appropriate security measures to avoid the presence of harmful elements.<\/p>\n\n\n\n<p>Processing of Personal Data<\/p>\n\n\n\n<p>You may consult all the information regarding the processing of personal data collected by the Owner on the Privacy Policy page.<\/p>\n\n\n\n<p>Content<\/p>\n\n\n\n<p>The Owner has obtained the information, multimedia content and materials included in the website from sources which they consider reliable, however, although they have taken all reasonable measures to ensure that the information contained therein is correct, the Owner does not guarantee that it is accurate, complete or updated. The Owner expressly declines any responsibility for errors or omissions in the information contained in the pages of the Website.<\/p>\n\n\n\n<p>It is prohibited to transmit or send through the website any illegal or illicit content, computer viruses, or messages which, in general, affect or violate the rights of the Owner or third parties.<\/p>\n\n\n\n<p>The content of the Website is for information purposes only and under no circumstances should it be used or considered as a sales bid, request for purchase or recommendation to perform any other operation, unless explicitly indicated otherwise.<\/p>\n\n\n\n<p>The Owner reserves the right to modify, suspend, cancel or restrict the content of the Website as well as links or information obtained through the Website without prior notice.<\/p>\n\n\n\n<p>The Owner is not responsible for any damages that may arise from the use of the information on the Website.<\/p>\n\n\n\n<p>Cookies Policy<\/p>\n\n\n\n<p>You can consult all the information regarding the policy of collection and handling of cookies on the Cookies Policy page.<\/p>\n\n\n\n<p>Links to other websites<\/p>\n\n\n\n<p>The Owner may provide you with access to third party websites through links, with the sole purpose of informing you about the existence of other sources of information on the internet where you can explore the details offered on the website further.<\/p>\n\n\n\n<p>Under no circumstances do these links to other websites imply a suggestion or recommendation for you to visit said websites, which are beyond the control of the Owner, who is not liable for the content of the linked websites or for the result obtained if you click on the links. Likewise, the Owner is not responsible for the links or links located on the linked websites to which it provides access.<\/p>\n\n\n\n<p>Under no circumstances does the link imply the existence of relations between the Owner and the owner of the linked website, nor the Owner&#8217;s acceptance or approval of its content or services.<\/p>\n\n\n\n<p>If you access an external website from a link you find on the Website, you should read the other website&#8217;s own privacy policy which may be different from that of this Website.<\/p>\n\n\n\n<p>Industrial and intellectual property<\/p>\n\n\n\n<p>All rights reserved.<\/p>\n\n\n\n<p>Access to this Website is subject to the following terms and conditions: the reproduction, permanent storage and disclosure of the content or any other use for public or commercial purposes is strictly prohibited without the explicit prior written consent of the Owner.<\/p>\n\n\n\n<p>Limitation of liability<\/p>\n\n\n\n<p>The Owner accepts no responsibility for any case of interruption or malfunction of the services or content provided online, regardless of their cause. Likewise, the Owner is not liable for network outages, loss of business resulting from said outages, temporary power outages or any other type of indirect damage which you may suffer due to reasons beyond the Owner&#8217;s control.<\/p>\n\n\n\n<p>Before taking decisions and\/or actions based on the information included on the Website, the Owner recommends you check and contrast the information provided with other sources.<\/p>\n\n\n\n<p>Jurisdiction<\/p>\n\n\n\n<p>This Legal Notice is fully governed by Spanish law.<\/p>\n\n\n\n<p>Contact<\/p>\n\n\n\n<p>In case you have any questions about this Legal Notice or want to make any comments about the Website, you can send an email to: organizacion@cdcolumbus.com<\/p>","protected":false},"excerpt":{"rendered":"<p>Leider ist der Eintrag nur auf English verf\u00fcgbar.Identificaci\u00f3n y Titularidad En cumplimiento del art\u00edculo 10 de la Ley 34\/2002, de 11 de julio, de Servicios de la Sociedad de la Informaci\u00f3n y Comercio Electr\u00f3nico, el Titular expone sus datos identificativos: Titular:&nbsp; COLUMBUS EVENTOS, S.L.. NIF:&nbsp;B10941631 Domicilio:&nbsp; Calle Eusebio Carballo Est\u00e9vez, Corralejo, La Oliva, Fuerteventura, Las [&hellip;]<\/p>\n","protected":false},"author":1,"featured_media":0,"parent":0,"menu_order":0,"comment_status":"closed","ping_status":"closed","template":"","meta":{"_kad_blocks_custom_css":"","_kad_blocks_head_custom_js":"","_kad_blocks_body_custom_js":"","_kad_blocks_footer_custom_js":"","footnotes":""},"class_list":["post-144","page","type-page","status-publish","hentry"],"blocksy_meta":{"styles_descriptor":{"styles":{"desktop":"","tablet":"","mobile":""},"google_fonts":[],"version":6}},"yoast_head":"<!-- This site is optimized with the Yoast SEO plugin v27.5 - https:\/\/yoast.com\/product\/yoast-seo-wordpress\/ -->\n<title>Aviso Legal - FUERTEBIKE Fuerteventura<\/title>\n<meta name=\"robots\" content=\"index, follow, max-snippet:-1, max-image-preview:large, max-video-preview:-1\" \/>\n<link rel=\"canonical\" href=\"https:\/\/fuertebike.net\/de\/legal-notice\/\" \/>\n<meta property=\"og:locale\" content=\"de_DE\" \/>\n<meta property=\"og:type\" content=\"article\" \/>\n<meta property=\"og:title\" content=\"Aviso Legal - FUERTEBIKE Fuerteventura\" \/>\n<meta property=\"og:description\" content=\"Leider ist der Eintrag nur auf English verf\u00fcgbar.Identificaci\u00f3n y Titularidad En cumplimiento del art\u00edculo 10 de la Ley 34\/2002, de 11 de julio, de Servicios de la Sociedad de la Informaci\u00f3n y Comercio Electr\u00f3nico, el Titular expone sus datos identificativos: Titular:&nbsp; COLUMBUS EVENTOS, S.L.. NIF:&nbsp;B10941631 Domicilio:&nbsp; Calle Eusebio Carballo Est\u00e9vez, Corralejo, La Oliva, Fuerteventura, Las [&hellip;]\" \/>\n<meta property=\"og:url\" content=\"https:\/\/fuertebike.net\/de\/legal-notice\/\" \/>\n<meta property=\"og:site_name\" content=\"FUERTEBIKE Fuerteventura\" \/>\n<meta property=\"article:publisher\" content=\"https:\/\/www.facebook.com\/FuerteBike\" \/>\n<meta property=\"article:modified_time\" content=\"2025-01-17T16:05:03+00:00\" \/>\n<meta property=\"og:image\" content=\"https:\/\/fuertebike.net\/wp-content\/uploads\/2022\/02\/rrss.jpg\" \/>\n\t<meta property=\"og:image:width\" content=\"1800\" \/>\n\t<meta property=\"og:image:height\" content=\"1202\" \/>\n\t<meta property=\"og:image:type\" content=\"image\/jpeg\" \/>\n<meta name=\"twitter:card\" content=\"summary_large_image\" \/>\n<meta name=\"twitter:site\" content=\"@Fuertebike_ofi\" \/>\n<meta name=\"twitter:label1\" content=\"Gesch\u00e4tzte Lesezeit\" \/>\n\t<meta name=\"twitter:data1\" content=\"5\u00a0Minuten\" \/>\n<script type=\"application\/ld+json\" class=\"yoast-schema-graph\">{\"@context\":\"https:\\\/\\\/schema.org\",\"@graph\":[{\"@type\":\"WebPage\",\"@id\":\"https:\\\/\\\/fuertebike.net\\\/de\\\/legal-notice\\\/\",\"url\":\"https:\\\/\\\/fuertebike.net\\\/de\\\/legal-notice\\\/\",\"name\":\"Aviso Legal - FUERTEBIKE Fuerteventura\",\"isPartOf\":{\"@id\":\"https:\\\/\\\/fuertebike.net\\\/de\\\/#website\"},\"datePublished\":\"2022-01-21T13:21:05+00:00\",\"dateModified\":\"2025-01-17T16:05:03+00:00\",\"breadcrumb\":{\"@id\":\"https:\\\/\\\/fuertebike.net\\\/de\\\/legal-notice\\\/#breadcrumb\"},\"inLanguage\":\"de\",\"potentialAction\":[{\"@type\":\"ReadAction\",\"target\":[[\"https:\\\/\\\/fuertebike.net\\\/de\\\/legal-notice\\\/\"]]}]},{\"@type\":\"BreadcrumbList\",\"@id\":\"https:\\\/\\\/fuertebike.net\\\/de\\\/legal-notice\\\/#breadcrumb\",\"itemListElement\":[{\"@type\":\"ListItem\",\"position\":1,\"name\":\"Portada\",\"item\":\"https:\\\/\\\/fuertebike.net\\\/de\\\/\"},{\"@type\":\"ListItem\",\"position\":2,\"name\":\"Legal notice\"}]},{\"@type\":\"WebSite\",\"@id\":\"https:\\\/\\\/fuertebike.net\\\/de\\\/#website\",\"url\":\"https:\\\/\\\/fuertebike.net\\\/de\\\/\",\"name\":\"FUERTEBIKE Fuerteventura\",\"description\":\"Electr\u00f3n FuerteBike\",\"publisher\":{\"@id\":\"https:\\\/\\\/fuertebike.net\\\/de\\\/#organization\"},\"potentialAction\":[{\"@type\":\"SearchAction\",\"target\":{\"@type\":\"EntryPoint\",\"urlTemplate\":\"https:\\\/\\\/fuertebike.net\\\/de\\\/?s={search_term_string}\"},\"query-input\":{\"@type\":\"PropertyValueSpecification\",\"valueRequired\":true,\"valueName\":\"search_term_string\"}}],\"inLanguage\":\"de\"},{\"@type\":\"Organization\",\"@id\":\"https:\\\/\\\/fuertebike.net\\\/de\\\/#organization\",\"name\":\"FUERTEBIKE Fuerteventura\",\"url\":\"https:\\\/\\\/fuertebike.net\\\/de\\\/\",\"logo\":{\"@type\":\"ImageObject\",\"inLanguage\":\"de\",\"@id\":\"https:\\\/\\\/fuertebike.net\\\/de\\\/#\\\/schema\\\/logo\\\/image\\\/\",\"url\":\"https:\\\/\\\/fuertebike.net\\\/wp-content\\\/uploads\\\/2025\\\/01\\\/Captura-de-pantalla-2025-01-16-173832.png\",\"contentUrl\":\"https:\\\/\\\/fuertebike.net\\\/wp-content\\\/uploads\\\/2025\\\/01\\\/Captura-de-pantalla-2025-01-16-173832.png\",\"width\":170,\"height\":158,\"caption\":\"FUERTEBIKE Fuerteventura\"},\"image\":{\"@id\":\"https:\\\/\\\/fuertebike.net\\\/de\\\/#\\\/schema\\\/logo\\\/image\\\/\"},\"sameAs\":[\"https:\\\/\\\/www.facebook.com\\\/FuerteBike\",\"https:\\\/\\\/x.com\\\/Fuertebike_ofi\",\"https:\\\/\\\/www.instagram.com\\\/fuertebike\\\/\",\"https:\\\/\\\/www.youtube.com\\\/@ColumbusEventos\"]}]}<\/script>\n<!-- \/ Yoast SEO plugin. -->","yoast_head_json":{"title":"Aviso Legal - FUERTEBIKE Fuerteventura","robots":{"index":"index","follow":"follow","max-snippet":"max-snippet:-1","max-image-preview":"max-image-preview:large","max-video-preview":"max-video-preview:-1"},"canonical":"https:\/\/fuertebike.net\/de\/legal-notice\/","og_locale":"de_DE","og_type":"article","og_title":"Aviso Legal - FUERTEBIKE Fuerteventura","og_description":"Leider ist der Eintrag nur auf English verf\u00fcgbar.Identificaci\u00f3n y Titularidad En cumplimiento del art\u00edculo 10 de la Ley 34\/2002, de 11 de julio, de Servicios de la Sociedad de la Informaci\u00f3n y Comercio Electr\u00f3nico, el Titular expone sus datos identificativos: Titular:&nbsp; COLUMBUS EVENTOS, S.L.. NIF:&nbsp;B10941631 Domicilio:&nbsp; Calle Eusebio Carballo Est\u00e9vez, Corralejo, La Oliva, Fuerteventura, Las [&hellip;]","og_url":"https:\/\/fuertebike.net\/de\/legal-notice\/","og_site_name":"FUERTEBIKE Fuerteventura","article_publisher":"https:\/\/www.facebook.com\/FuerteBike","article_modified_time":"2025-01-17T16:05:03+00:00","og_image":[{"width":1800,"height":1202,"url":"https:\/\/fuertebike.net\/wp-content\/uploads\/2022\/02\/rrss.jpg","type":"image\/jpeg"}],"twitter_card":"summary_large_image","twitter_site":"@Fuertebike_ofi","twitter_misc":{"Gesch\u00e4tzte Lesezeit":"5\u00a0Minuten"},"schema":{"@context":"https:\/\/schema.org","@graph":[{"@type":"WebPage","@id":"https:\/\/fuertebike.net\/de\/legal-notice\/","url":"https:\/\/fuertebike.net\/de\/legal-notice\/","name":"Aviso Legal - FUERTEBIKE Fuerteventura","isPartOf":{"@id":"https:\/\/fuertebike.net\/de\/#website"},"datePublished":"2022-01-21T13:21:05+00:00","dateModified":"2025-01-17T16:05:03+00:00","breadcrumb":{"@id":"https:\/\/fuertebike.net\/de\/legal-notice\/#breadcrumb"},"inLanguage":"de","potentialAction":[{"@type":"ReadAction","target":[["https:\/\/fuertebike.net\/de\/legal-notice\/"]]}]},{"@type":"BreadcrumbList","@id":"https:\/\/fuertebike.net\/de\/legal-notice\/#breadcrumb","itemListElement":[{"@type":"ListItem","position":1,"name":"Portada","item":"https:\/\/fuertebike.net\/de\/"},{"@type":"ListItem","position":2,"name":"Legal notice"}]},{"@type":"WebSite","@id":"https:\/\/fuertebike.net\/de\/#website","url":"https:\/\/fuertebike.net\/de\/","name":"FUERTEBIKE Fuerteventura","description":"Electr\u00f3n FuerteBike","publisher":{"@id":"https:\/\/fuertebike.net\/de\/#organization"},"potentialAction":[{"@type":"SearchAction","target":{"@type":"EntryPoint","urlTemplate":"https:\/\/fuertebike.net\/de\/?s={search_term_string}"},"query-input":{"@type":"PropertyValueSpecification","valueRequired":true,"valueName":"search_term_string"}}],"inLanguage":"de"},{"@type":"Organization","@id":"https:\/\/fuertebike.net\/de\/#organization","name":"FUERTEBIKE Fuerteventura","url":"https:\/\/fuertebike.net\/de\/","logo":{"@type":"ImageObject","inLanguage":"de","@id":"https:\/\/fuertebike.net\/de\/#\/schema\/logo\/image\/","url":"https:\/\/fuertebike.net\/wp-content\/uploads\/2025\/01\/Captura-de-pantalla-2025-01-16-173832.png","contentUrl":"https:\/\/fuertebike.net\/wp-content\/uploads\/2025\/01\/Captura-de-pantalla-2025-01-16-173832.png","width":170,"height":158,"caption":"FUERTEBIKE Fuerteventura"},"image":{"@id":"https:\/\/fuertebike.net\/de\/#\/schema\/logo\/image\/"},"sameAs":["https:\/\/www.facebook.com\/FuerteBike","https:\/\/x.com\/Fuertebike_ofi","https:\/\/www.instagram.com\/fuertebike\/","https:\/\/www.youtube.com\/@ColumbusEventos"]}]}},"taxonomy_info":[],"featured_image_src_large":false,"author_info":{"display_name":"admin","author_link":"https:\/\/fuertebike.net\/de\/author\/fuertebikecontrol\/"},"comment_info":0,"_links":{"self":[{"href":"https:\/\/fuertebike.net\/de\/wp-json\/wp\/v2\/pages\/144","targetHints":{"allow":["GET"]}}],"collection":[{"href":"https:\/\/fuertebike.net\/de\/wp-json\/wp\/v2\/pages"}],"about":[{"href":"https:\/\/fuertebike.net\/de\/wp-json\/wp\/v2\/types\/page"}],"author":[{"embeddable":true,"href":"https:\/\/fuertebike.net\/de\/wp-json\/wp\/v2\/users\/1"}],"replies":[{"embeddable":true,"href":"https:\/\/fuertebike.net\/de\/wp-json\/wp\/v2\/comments?post=144"}],"version-history":[{"count":1,"href":"https:\/\/fuertebike.net\/de\/wp-json\/wp\/v2\/pages\/144\/revisions"}],"predecessor-version":[{"id":2278,"href":"https:\/\/fuertebike.net\/de\/wp-json\/wp\/v2\/pages\/144\/revisions\/2278"}],"wp:attachment":[{"href":"https:\/\/fuertebike.net\/de\/wp-json\/wp\/v2\/media?parent=144"}],"curies":[{"name":"wp","href":"https:\/\/api.w.org\/{rel}","templated":true}]}}